{"id":1414,"date":"2024-07-23T10:59:38","date_gmt":"2024-07-23T10:59:38","guid":{"rendered":"https:\/\/lamaisondupokebowl.com\/?page_id=1414"},"modified":"2024-07-23T10:59:38","modified_gmt":"2024-07-23T10:59:38","slug":"mentions-legales","status":"publish","type":"page","link":"https:\/\/www.lamaisondupokebowl.com\/en\/mentions-legales\/","title":{"rendered":"Legal Notices"},"content":{"rendered":"<p>In accordance with the provisions of Law No. 2004-575 of June 21, 2004 on confidence in the digital economy, users of the La maison du Poke Bowl website are informed of the identity of the various parties involved in its creation and monitoring.<\/p>\n\n\n\n<p><strong>Site Edition&nbsp;<\/strong><\/p>\n\n\n\n<p>This site, accessible at the URL https:\/\/www.instagram.com\/lamaisondupokebowlparis\/ (the \u201cSite\u201d), is published by:<\/p>\n\n\n\n<p><em><br><\/em>SAS, a company with capital of 1000 euros, registered with the RCS of PARIS under number 982 290 967 RCS Paris, whose head office is located at 83 RUE LA BOETIE, 75008 PARIS, represented by Ying Chen duly authorized<\/p>\n\n\n\n<p>The publisher&#039;s individual VAT number is: FR12982290967.<\/p>\n\n\n\n<p><strong>Accommodation<\/strong><\/p>\n\n\n\n<p><br>The Site is hosted by the company Digital Ocean, located at 83 RUE LA BOETIE, 75008 PARIS, (telephone or email contact: +33142777118).<\/p>\n\n\n\n<p><strong>Publication Director&nbsp;<\/strong><\/p>\n\n\n\n<p><br>The Director of Publication of the Site is Ying Chen.<\/p>\n\n\n\n<p><strong>Contact us&nbsp;<\/strong><\/p>\n\n\n\n<p><br>By phone: +33142777118<\/p>\n\n\n\n<p>By email: maisondupoke@hotmail.fr<\/p>\n\n\n\n<p>By mail: 83 RUE LA BOETIE, 75008 PARIS<\/p>\n\n\n\n<p>Generation of legal notices by <a href=\"https:\/\/www.legalstart.fr\/\">Legalstart<\/a>.<\/p>","protected":false},"excerpt":{"rendered":"<p>In accordance with the provisions of Law No. 2004-575 of June 21, 2004 on confidence in the digital economy, users of the La maison du Poke Bowl website are informed of the identity of the various parties involved in its creation and monitoring. Edition of the site This site, accessible at the URL https:\/\/www.instagram.com\/lamaisondupokebowlparis\/ (the [\u2026]<\/p>","protected":false},"author":2,"featured_media":0,"parent":0,"menu_order":0,"comment_status":"closed","ping_status":"closed","template":"","meta":{"_uag_custom_page_level_css":"","site-sidebar-layout":"default","site-content-layout":"","ast-site-content-layout":"default","site-content-style":"default","site-sidebar-style":"default","ast-global-header-display":"","ast-banner-title-visibility":"","ast-main-header-display":"","ast-hfb-above-header-display":"","ast-hfb-below-header-display":"","ast-hfb-mobile-header-display":"","site-post-title":"","ast-breadcrumbs-content":"","ast-featured-img":"","footer-sml-layout":"","theme-transparent-header-meta":"","adv-header-id-meta":"","stick-header-meta":"","header-above-stick-meta":"","header-main-stick-meta":"","header-below-stick-meta":"","astra-migrate-meta-layouts":"set","ast-page-background-enabled":"default","ast-page-background-meta":{"desktop":{"background-color":"var(--ast-global-color-4)","background-image":"","background-repeat":"repeat","background-position":"center center","background-size":"auto","background-attachment":"scroll","background-type":"","background-media":"","overlay-type":"","overlay-color":"","overlay-opacity":"","overlay-gradient":""},"tablet":{"background-color":"","background-image":"","background-repeat":"repeat","background-position":"center center","background-size":"auto","background-attachment":"scroll","background-type":"","background-media":"","overlay-type":"","overlay-color":"","overlay-opacity":"","overlay-gradient":""},"mobile":{"background-color":"","background-image":"","background-repeat":"repeat","background-position":"center center","background-size":"auto","background-attachment":"scroll","background-type":"","background-media":"","overlay-type":"","overlay-color":"","overlay-opacity":"","overlay-gradient":""}},"ast-content-background-meta":{"desktop":{"background-color":"var(--ast-global-color-5)","background-image":"","background-repeat":"repeat","background-position":"center center","background-size":"auto","background-attachment":"scroll","background-type":"","background-media":"","overlay-type":"","overlay-color":"","overlay-opacity":"","overlay-gradient":""},"tablet":{"background-color":"var(--ast-global-color-5)","background-image":"","background-repeat":"repeat","background-position":"center center","background-size":"auto","background-attachment":"scroll","background-type":"","background-media":"","overlay-type":"","overlay-color":"","overlay-opacity":"","overlay-gradient":""},"mobile":{"background-color":"var(--ast-global-color-5)","background-image":"","background-repeat":"repeat","background-position":"center center","background-size":"auto","background-attachment":"scroll","background-type":"","background-media":"","overlay-type":"","overlay-color":"","overlay-opacity":"","overlay-gradient":""}},"footnotes":""},"class_list":["post-1414","page","type-page","status-publish","hentry"],"yoast_head":"<!-- This site is optimized with the Yoast SEO Premium plugin v21.8 (Yoast SEO v21.8) - https:\/\/yoast.com\/wordpress\/plugins\/seo\/ -->\n<title>Mentions L\u00e9gales - lamaisondupokebowl.com<\/title>\n<meta name=\"robots\" content=\"index, follow, max-snippet:-1, max-image-preview:large, max-video-preview:-1\" \/>\n<link rel=\"canonical\" href=\"https:\/\/www.lamaisondupokebowl.com\/en\/mentions-legales\/\" \/>\n<meta property=\"og:locale\" content=\"en_US\" \/>\n<meta property=\"og:type\" content=\"article\" \/>\n<meta property=\"og:title\" content=\"Mentions L\u00e9gales\" \/>\n<meta property=\"og:description\" content=\"Conform\u00e9ment aux dispositions de la loi n\u00b0 2004-575 du 21 juin 2004 pour la confiance en l&rsquo;\u00e9conomie num\u00e9rique, il est pr\u00e9cis\u00e9 aux utilisateurs du site La maison du Poke Bowl l&rsquo;identit\u00e9 des diff\u00e9rents intervenants dans le cadre de sa r\u00e9alisation et de son suivi. Edition du site&nbsp; Le pr\u00e9sent site, accessible \u00e0 l\u2019URL https:\/\/www.instagram.com\/lamaisondupokebowlparis\/ (le [&hellip;]\" \/>\n<meta property=\"og:url\" content=\"https:\/\/www.lamaisondupokebowl.com\/en\/mentions-legales\/\" \/>\n<meta property=\"og:site_name\" content=\"lamaisondupokebowl.com\" \/>\n<meta name=\"twitter:card\" content=\"summary_large_image\" \/>\n<meta name=\"twitter:label1\" content=\"Est. reading time\" \/>\n\t<meta name=\"twitter:data1\" content=\"1 minute\" \/>\n<script type=\"application\/ld+json\" class=\"yoast-schema-graph\">{\"@context\":\"https:\/\/schema.org\",\"@graph\":[{\"@type\":\"WebPage\",\"@id\":\"https:\/\/www.lamaisondupokebowl.com\/mentions-legales\/\",\"url\":\"https:\/\/www.lamaisondupokebowl.com\/mentions-legales\/\",\"name\":\"Mentions L\u00e9gales - lamaisondupokebowl.com\",\"isPartOf\":{\"@id\":\"https:\/\/www.lamaisondupokebowl.com\/#website\"},\"datePublished\":\"2024-07-23T10:59:38+00:00\",\"dateModified\":\"2024-07-23T10:59:38+00:00\",\"breadcrumb\":{\"@id\":\"https:\/\/www.lamaisondupokebowl.com\/mentions-legales\/#breadcrumb\"},\"inLanguage\":\"en-US\",\"potentialAction\":[{\"@type\":\"ReadAction\",\"target\":[\"https:\/\/www.lamaisondupokebowl.com\/mentions-legales\/\"]}]},{\"@type\":\"BreadcrumbList\",\"@id\":\"https:\/\/www.lamaisondupokebowl.com\/mentions-legales\/#breadcrumb\",\"itemListElement\":[{\"@type\":\"ListItem\",\"position\":1,\"name\":\"Home\",\"item\":\"https:\/\/www.lamaisondupokebowl.com\/\"},{\"@type\":\"ListItem\",\"position\":2,\"name\":\"Mentions L\u00e9gales\"}]},{\"@type\":\"WebSite\",\"@id\":\"https:\/\/www.lamaisondupokebowl.com\/#website\",\"url\":\"https:\/\/www.lamaisondupokebowl.com\/\",\"name\":\"lamaisondupokebowl.com\",\"description\":\"\",\"publisher\":{\"@id\":\"https:\/\/www.lamaisondupokebowl.com\/#organization\"},\"potentialAction\":[{\"@type\":\"SearchAction\",\"target\":{\"@type\":\"EntryPoint\",\"urlTemplate\":\"https:\/\/www.lamaisondupokebowl.com\/?s={search_term_string}\"},\"query-input\":\"required name=search_term_string\"}],\"inLanguage\":\"en-US\"},{\"@type\":\"Organization\",\"@id\":\"https:\/\/www.lamaisondupokebowl.com\/#organization\",\"name\":\"lamaisondupokebowl.com\",\"url\":\"https:\/\/www.lamaisondupokebowl.com\/\",\"logo\":{\"@type\":\"ImageObject\",\"inLanguage\":\"en-US\",\"@id\":\"https:\/\/www.lamaisondupokebowl.com\/#\/schema\/logo\/image\/\",\"url\":\"https:\/\/www.lamaisondupokebowl.com\/wp-content\/uploads\/2024\/05\/Screenshot_1-120x140-1.png\",\"contentUrl\":\"https:\/\/www.lamaisondupokebowl.com\/wp-content\/uploads\/2024\/05\/Screenshot_1-120x140-1.png\",\"width\":120,\"height\":140,\"caption\":\"lamaisondupokebowl.com\"},\"image\":{\"@id\":\"https:\/\/www.lamaisondupokebowl.com\/#\/schema\/logo\/image\/\"}}]}<\/script>\n<!-- \/ Yoast SEO Premium plugin. -->","yoast_head_json":{"title":"Mentions L\u00e9gales - lamaisondupokebowl.com","robots":{"index":"index","follow":"follow","max-snippet":"max-snippet:-1","max-image-preview":"max-image-preview:large","max-video-preview":"max-video-preview:-1"},"canonical":"https:\/\/www.lamaisondupokebowl.com\/en\/mentions-legales\/","og_locale":"en_US","og_type":"article","og_title":"Mentions L\u00e9gales","og_description":"Conform\u00e9ment aux dispositions de la loi n\u00b0 2004-575 du 21 juin 2004 pour la confiance en l&rsquo;\u00e9conomie num\u00e9rique, il est pr\u00e9cis\u00e9 aux utilisateurs du site La maison du Poke Bowl l&rsquo;identit\u00e9 des diff\u00e9rents intervenants dans le cadre de sa r\u00e9alisation et de son suivi. Edition du site&nbsp; Le pr\u00e9sent site, accessible \u00e0 l\u2019URL https:\/\/www.instagram.com\/lamaisondupokebowlparis\/ (le [&hellip;]","og_url":"https:\/\/www.lamaisondupokebowl.com\/en\/mentions-legales\/","og_site_name":"lamaisondupokebowl.com","twitter_card":"summary_large_image","twitter_misc":{"Est. reading time":"1 minute"},"schema":{"@context":"https:\/\/schema.org","@graph":[{"@type":"WebPage","@id":"https:\/\/www.lamaisondupokebowl.com\/mentions-legales\/","url":"https:\/\/www.lamaisondupokebowl.com\/mentions-legales\/","name":"Mentions L\u00e9gales - lamaisondupokebowl.com","isPartOf":{"@id":"https:\/\/www.lamaisondupokebowl.com\/#website"},"datePublished":"2024-07-23T10:59:38+00:00","dateModified":"2024-07-23T10:59:38+00:00","breadcrumb":{"@id":"https:\/\/www.lamaisondupokebowl.com\/mentions-legales\/#breadcrumb"},"inLanguage":"en-US","potentialAction":[{"@type":"ReadAction","target":["https:\/\/www.lamaisondupokebowl.com\/mentions-legales\/"]}]},{"@type":"BreadcrumbList","@id":"https:\/\/www.lamaisondupokebowl.com\/mentions-legales\/#breadcrumb","itemListElement":[{"@type":"ListItem","position":1,"name":"Home","item":"https:\/\/www.lamaisondupokebowl.com\/"},{"@type":"ListItem","position":2,"name":"Mentions L\u00e9gales"}]},{"@type":"WebSite","@id":"https:\/\/www.lamaisondupokebowl.com\/#website","url":"https:\/\/www.lamaisondupokebowl.com\/","name":"lamaisondupokebowl.com","description":"","publisher":{"@id":"https:\/\/www.lamaisondupokebowl.com\/#organization"},"potentialAction":[{"@type":"SearchAction","target":{"@type":"EntryPoint","urlTemplate":"https:\/\/www.lamaisondupokebowl.com\/?s={search_term_string}"},"query-input":"required name=search_term_string"}],"inLanguage":"en-US"},{"@type":"Organization","@id":"https:\/\/www.lamaisondupokebowl.com\/#organization","name":"lamaisondupokebowl.com","url":"https:\/\/www.lamaisondupokebowl.com\/","logo":{"@type":"ImageObject","inLanguage":"en-US","@id":"https:\/\/www.lamaisondupokebowl.com\/#\/schema\/logo\/image\/","url":"https:\/\/www.lamaisondupokebowl.com\/wp-content\/uploads\/2024\/05\/Screenshot_1-120x140-1.png","contentUrl":"https:\/\/www.lamaisondupokebowl.com\/wp-content\/uploads\/2024\/05\/Screenshot_1-120x140-1.png","width":120,"height":140,"caption":"lamaisondupokebowl.com"},"image":{"@id":"https:\/\/www.lamaisondupokebowl.com\/#\/schema\/logo\/image\/"}}]}},"spectra_custom_meta":{"_edit_lock":["1721732379:1"],"_uag_custom_page_level_css":[""],"ast-site-content-layout":["default"],"theme-transparent-header-meta":[""],"adv-header-id-meta":[""],"stick-header-meta":[""],"astra-migrate-meta-layouts":["set"],"footnotes":[""],"_edit_last":["1"],"_pys_head_footer":["a:7:{s:14:\"disable_global\";b:0;s:8:\"head_any\";s:0:\"\";s:12:\"head_desktop\";s:0:\"\";s:11:\"head_mobile\";s:0:\"\";s:10:\"footer_any\";s:0:\"\";s:14:\"footer_desktop\";s:0:\"\";s:13:\"footer_mobile\";s:0:\"\";}"],"_yoast_wpseo_content_score":["60"],"_yoast_wpseo_focuskeywords":["[]"],"_yoast_wpseo_keywordsynonyms":["[\"\"]"],"_yoast_wpseo_estimated-reading-time-minutes":["1"],"_yoast_wpseo_wordproof_timestamp":[""],"_wp_page_template":["default"],"_yoast_indexnow_last_ping":["1721732379"],"_uag_page_assets":["a:9:{s:3:\"css\";s:263:\".uag-blocks-common-selector{z-index:var(--z-index-desktop) !important}@media (max-width: 976px){.uag-blocks-common-selector{z-index:var(--z-index-tablet) !important}}@media (max-width: 767px){.uag-blocks-common-selector{z-index:var(--z-index-mobile) !important}}\n\";s:2:\"js\";s:0:\"\";s:18:\"current_block_list\";a:10:{i:0;s:14:\"core\/paragraph\";i:1;s:11:\"core\/search\";i:2;s:10:\"core\/group\";i:3;s:12:\"core\/heading\";i:4;s:17:\"core\/latest-posts\";i:5;s:20:\"core\/latest-comments\";i:6;s:13:\"core\/archives\";i:7;s:15:\"core\/categories\";i:8;s:10:\"core\/image\";i:9;s:14:\"core\/shortcode\";}s:8:\"uag_flag\";b:0;s:11:\"uag_version\";i:1776499620;s:6:\"gfonts\";a:0:{}s:10:\"gfonts_url\";s:0:\"\";s:12:\"gfonts_files\";a:0:{}s:14:\"uag_faq_layout\";b:0;}"],"_uag_css_file_name":["uag-css-1414.css"]},"uagb_featured_image_src":{"full":false,"thumbnail":false,"medium":false,"medium_large":false,"large":false,"1536x1536":false,"2048x2048":false,"trp-custom-language-flag":false},"uagb_author_info":{"display_name":"contact@gosgconsulting.com","author_link":"https:\/\/www.lamaisondupokebowl.com\/en\/author\/contactgosgconsulting-com\/"},"uagb_comment_info":0,"uagb_excerpt":"Conform\u00e9ment aux dispositions de la loi n\u00b0 2004-575 du 21 juin 2004 pour la confiance en l&rsquo;\u00e9conomie num\u00e9rique, il est pr\u00e9cis\u00e9 aux utilisateurs du site La maison du Poke Bowl l&rsquo;identit\u00e9 des diff\u00e9rents intervenants dans le cadre de sa r\u00e9alisation et de son suivi. Edition du site&nbsp; Le pr\u00e9sent site, accessible \u00e0 l\u2019URL https:\/\/www.instagram.com\/lamaisondupokebowlparis\/ (le&hellip;","_links":{"self":[{"href":"https:\/\/www.lamaisondupokebowl.com\/en\/wp-json\/wp\/v2\/pages\/1414","targetHints":{"allow":["GET"]}}],"collection":[{"href":"https:\/\/www.lamaisondupokebowl.com\/en\/wp-json\/wp\/v2\/pages"}],"about":[{"href":"https:\/\/www.lamaisondupokebowl.com\/en\/wp-json\/wp\/v2\/types\/page"}],"author":[{"embeddable":true,"href":"https:\/\/www.lamaisondupokebowl.com\/en\/wp-json\/wp\/v2\/users\/2"}],"replies":[{"embeddable":true,"href":"https:\/\/www.lamaisondupokebowl.com\/en\/wp-json\/wp\/v2\/comments?post=1414"}],"version-history":[{"count":2,"href":"https:\/\/www.lamaisondupokebowl.com\/en\/wp-json\/wp\/v2\/pages\/1414\/revisions"}],"predecessor-version":[{"id":1417,"href":"https:\/\/www.lamaisondupokebowl.com\/en\/wp-json\/wp\/v2\/pages\/1414\/revisions\/1417"}],"wp:attachment":[{"href":"https:\/\/www.lamaisondupokebowl.com\/en\/wp-json\/wp\/v2\/media?parent=1414"}],"curies":[{"name":"wp","href":"https:\/\/api.w.org\/{rel}","templated":true}]}}